{"id":96,"date":"2017-10-04T18:00:32","date_gmt":"2017-10-04T18:00:32","guid":{"rendered":"http:\/\/inepa.si\/local-digital-democracy\/?page_id=96"},"modified":"2017-10-09T16:58:34","modified_gmt":"2017-10-09T16:58:34","slug":"ucinki","status":"publish","type":"page","link":"https:\/\/inepa.si\/local-digital-democracy\/?page_id=96","title":{"rendered":"Pri\u010dakovani u\u010dinki projekta"},"content":{"rendered":"<ul>\n<li>pove\u010dana ozave\u0161\u010denost (popularizacija) uporabe interneta za krepitev demokracije med ob\u010dani, civilno dru\u017ebo in odlo\u010devalci na lokalni ravni prek regionalnih delavnic, spletnega vpra\u0161alnika, nacionalnega posveta, priporo\u010dil za ob\u010dine, sre\u010danj z odlo\u010devalci in medijskega poro\u010danja o projektu;<\/li>\n<li>vzpostavitev digitalnega orodja v podporo vklju\u010devanju prebivalcev v odlo\u010danje v eni izmed ob\u010din gorenjske in savinjske regije v okviru pobude za lokalno digitalno demokracijo (po zaklju\u010dku projekta);<\/li>\n<li>okrepljene povezave in sodelovanje med slovenskimi in ameri\u0161kimi strokovnjaki na podro\u010dju e-demokracije.<\/li>\n<\/ul>\n","protected":false},"excerpt":{"rendered":"<p>pove\u010dana ozave\u0161\u010denost (popularizacija) uporabe interneta za krepitev demokracije med ob\u010dani, civilno dru\u017ebo in odlo\u010devalci na lokalni ravni prek regionalnih delavnic, spletnega vpra\u0161alnika, nacionalnega posveta, priporo\u010dil za ob\u010dine, sre\u010danj z odlo\u010devalci in medijskega poro\u010danja o projektu; vzpostavitev digitalnega orodja v podporo vklju\u010devanju prebivalcev v odlo\u010danje v eni izmed ob\u010din gorenjske in savinjske regije v okviru pobude [&hellip;]<\/p>\n","protected":false},"author":1,"featured_media":0,"parent":0,"menu_order":0,"comment_status":"closed","ping_status":"closed","template":"","meta":{"footnotes":""},"class_list":["post-96","page","type-page","status-publish","hentry"],"_links":{"self":[{"href":"https:\/\/inepa.si\/local-digital-democracy\/index.php?rest_route=\/wp\/v2\/pages\/96","targetHints":{"allow":["GET"]}}],"collection":[{"href":"https:\/\/inepa.si\/local-digital-democracy\/index.php?rest_route=\/wp\/v2\/pages"}],"about":[{"href":"https:\/\/inepa.si\/local-digital-democracy\/index.php?rest_route=\/wp\/v2\/types\/page"}],"author":[{"embeddable":true,"href":"https:\/\/inepa.si\/local-digital-democracy\/index.php?rest_route=\/wp\/v2\/users\/1"}],"replies":[{"embeddable":true,"href":"https:\/\/inepa.si\/local-digital-democracy\/index.php?rest_route=%2Fwp%2Fv2%2Fcomments&post=96"}],"version-history":[{"count":6,"href":"https:\/\/inepa.si\/local-digital-democracy\/index.php?rest_route=\/wp\/v2\/pages\/96\/revisions"}],"predecessor-version":[{"id":235,"href":"https:\/\/inepa.si\/local-digital-democracy\/index.php?rest_route=\/wp\/v2\/pages\/96\/revisions\/235"}],"wp:attachment":[{"href":"https:\/\/inepa.si\/local-digital-democracy\/index.php?rest_route=%2Fwp%2Fv2%2Fmedia&parent=96"}],"curies":[{"name":"wp","href":"https:\/\/api.w.org\/{rel}","templated":true}]}}