{"id":92,"date":"2017-10-04T17:59:22","date_gmt":"2017-10-04T17:59:22","guid":{"rendered":"http:\/\/inepa.si\/local-digital-democracy\/?page_id=92"},"modified":"2017-10-09T17:01:58","modified_gmt":"2017-10-09T17:01:58","slug":"stik","status":"publish","type":"page","link":"https:\/\/inepa.si\/local-digital-democracy\/?page_id=92","title":{"rendered":"Kontaktne informacije"},"content":{"rendered":"<p><strong>Koordinator projekta:<\/strong> mag. Simon Delakorda, In\u0161titut za elektronsko participacijo, <a href=\"mailto:simon.delakorda@inepa.si\" rel=\"noopener\" target=\"_blank\">simon.delakorda@inepa.si<\/a>, 041 365 529.<\/p>\n<p><strong>Partner za Gorenjsko regijo:<\/strong> Ur\u0161ka Kri\u017enar, Zavod Tri, <a href=\"mailto:urska.kriznar@skup.si\" rel=\"noopener\" target=\"_blank\">urska.kriznar@skup.si<\/a>.<\/p>\n<p><strong>Partner za Savinjsko regijo:<\/strong> dr. Stanko Blatnik, IPAK in\u0161titut, <a href=\"mailto:stanko_blatnik@yahoo.com\" rel=\"noopener\" target=\"_blank\">stanko_blatnik@yahoo.com<\/a>.<\/p>\n<p><strong>Zunanji izvajalec za digitalno orodje:<\/strong> Tomas Polak, Qualitas, <a href=\"mailto:tomas@qualitas.si\" rel=\"noopener\" target=\"_blank\">tomas@qualitas.si<\/a>.<\/p>\n","protected":false},"excerpt":{"rendered":"<p>Koordinator projekta: mag. Simon Delakorda, In\u0161titut za elektronsko participacijo, simon.delakorda@inepa.si, 041 365 529. Partner za Gorenjsko regijo: Ur\u0161ka Kri\u017enar, Zavod Tri, urska.kriznar@skup.si. Partner za Savinjsko regijo: dr. Stanko Blatnik, IPAK in\u0161titut, stanko_blatnik@yahoo.com. Zunanji izvajalec za digitalno orodje: Tomas Polak, Qualitas, tomas@qualitas.si.<\/p>\n","protected":false},"author":1,"featured_media":0,"parent":0,"menu_order":0,"comment_status":"closed","ping_status":"closed","template":"","meta":{"footnotes":""},"class_list":["post-92","page","type-page","status-publish","hentry"],"_links":{"self":[{"href":"https:\/\/inepa.si\/local-digital-democracy\/index.php?rest_route=\/wp\/v2\/pages\/92","targetHints":{"allow":["GET"]}}],"collection":[{"href":"https:\/\/inepa.si\/local-digital-democracy\/index.php?rest_route=\/wp\/v2\/pages"}],"about":[{"href":"https:\/\/inepa.si\/local-digital-democracy\/index.php?rest_route=\/wp\/v2\/types\/page"}],"author":[{"embeddable":true,"href":"https:\/\/inepa.si\/local-digital-democracy\/index.php?rest_route=\/wp\/v2\/users\/1"}],"replies":[{"embeddable":true,"href":"https:\/\/inepa.si\/local-digital-democracy\/index.php?rest_route=%2Fwp%2Fv2%2Fcomments&post=92"}],"version-history":[{"count":8,"href":"https:\/\/inepa.si\/local-digital-democracy\/index.php?rest_route=\/wp\/v2\/pages\/92\/revisions"}],"predecessor-version":[{"id":238,"href":"https:\/\/inepa.si\/local-digital-democracy\/index.php?rest_route=\/wp\/v2\/pages\/92\/revisions\/238"}],"wp:attachment":[{"href":"https:\/\/inepa.si\/local-digital-democracy\/index.php?rest_route=%2Fwp%2Fv2%2Fmedia&parent=92"}],"curies":[{"name":"wp","href":"https:\/\/api.w.org\/{rel}","templated":true}]}}