{"id":90,"date":"2017-10-04T17:58:57","date_gmt":"2017-10-04T17:58:57","guid":{"rendered":"http:\/\/inepa.si\/local-digital-democracy\/?page_id=90"},"modified":"2017-10-09T16:58:58","modified_gmt":"2017-10-09T16:58:58","slug":"partnerji","status":"publish","type":"page","link":"https:\/\/inepa.si\/local-digital-democracy\/?page_id=90","title":{"rendered":"Projektni partnerji"},"content":{"rendered":"<ul>\n<li><a href=\"http:\/\/www.inepa.si\/\" target=\"_blank\" rel=\"noopener\">In\u0161titut za elektronsko participacijo<\/a> (Ljubljana)<\/li>\n<li><a href=\"http:\/\/www.zavod-tri.org\" target=\"_blank\" rel=\"noopener\">Zavod Tri \u2013 Zavod za trajnostne skupnostne prakse<\/a> (\u0160kofja Loka)<\/li>\n<li><a href=\"http:\/\/www.ipak.si\/\" target=\"_blank\" rel=\"noopener\">IPAK in\u0161titut za simbolno analizo in razvoj informacijskih tehnologij<\/a> (Velenje)<\/li>\n<\/ul>\n<p><strong>Seznam zainteresiranih ob\u010din za spodbujanje lokalne digitalne demokracije<\/strong><\/p>\n<ul>\n<li>(v pripravi).<\/li>\n<\/ul>\n","protected":false},"excerpt":{"rendered":"<p>In\u0161titut za elektronsko participacijo (Ljubljana) Zavod Tri \u2013 Zavod za trajnostne skupnostne prakse (\u0160kofja Loka) IPAK in\u0161titut za simbolno analizo in razvoj informacijskih tehnologij (Velenje) Seznam zainteresiranih ob\u010din za spodbujanje lokalne digitalne demokracije (v pripravi).<\/p>\n","protected":false},"author":1,"featured_media":0,"parent":0,"menu_order":0,"comment_status":"closed","ping_status":"closed","template":"","meta":{"footnotes":""},"class_list":["post-90","page","type-page","status-publish","hentry"],"_links":{"self":[{"href":"https:\/\/inepa.si\/local-digital-democracy\/index.php?rest_route=\/wp\/v2\/pages\/90","targetHints":{"allow":["GET"]}}],"collection":[{"href":"https:\/\/inepa.si\/local-digital-democracy\/index.php?rest_route=\/wp\/v2\/pages"}],"about":[{"href":"https:\/\/inepa.si\/local-digital-democracy\/index.php?rest_route=\/wp\/v2\/types\/page"}],"author":[{"embeddable":true,"href":"https:\/\/inepa.si\/local-digital-democracy\/index.php?rest_route=\/wp\/v2\/users\/1"}],"replies":[{"embeddable":true,"href":"https:\/\/inepa.si\/local-digital-democracy\/index.php?rest_route=%2Fwp%2Fv2%2Fcomments&post=90"}],"version-history":[{"count":6,"href":"https:\/\/inepa.si\/local-digital-democracy\/index.php?rest_route=\/wp\/v2\/pages\/90\/revisions"}],"predecessor-version":[{"id":236,"href":"https:\/\/inepa.si\/local-digital-democracy\/index.php?rest_route=\/wp\/v2\/pages\/90\/revisions\/236"}],"wp:attachment":[{"href":"https:\/\/inepa.si\/local-digital-democracy\/index.php?rest_route=%2Fwp%2Fv2%2Fmedia&parent=90"}],"curies":[{"name":"wp","href":"https:\/\/api.w.org\/{rel}","templated":true}]}}