{"id":85,"date":"2017-10-04T17:46:00","date_gmt":"2017-10-04T17:46:00","guid":{"rendered":"http:\/\/inepa.si\/local-digital-democracy\/?page_id=85"},"modified":"2018-03-02T16:49:34","modified_gmt":"2018-03-02T16:49:34","slug":"posvet-ds","status":"publish","type":"page","link":"https:\/\/inepa.si\/local-digital-democracy\/?page_id=85","title":{"rendered":"Posvet \u00bbE-sodelovanje prebivalcev pri odlo\u010danju v slovenskih ob\u010dinah\u00ab"},"content":{"rendered":"<p><img loading=\"lazy\" decoding=\"async\" class=\"size-large wp-image-510 aligncenter\" src=\"http:\/\/inepa.si\/local-digital-democracy\/wp-content\/uploads\/2018\/03\/Popularizacija-Digitalne-demokracije-posvet-1024x576.png\" alt=\"\" width=\"634\" height=\"357\" srcset=\"https:\/\/www.inepa.si\/local-digital-democracy\/wp-content\/uploads\/2018\/03\/Popularizacija-Digitalne-demokracije-posvet-1024x576.png 1024w, https:\/\/www.inepa.si\/local-digital-democracy\/wp-content\/uploads\/2018\/03\/Popularizacija-Digitalne-demokracije-posvet-300x169.png 300w, https:\/\/www.inepa.si\/local-digital-democracy\/wp-content\/uploads\/2018\/03\/Popularizacija-Digitalne-demokracije-posvet-768x432.png 768w, https:\/\/www.inepa.si\/local-digital-democracy\/wp-content\/uploads\/2018\/03\/Popularizacija-Digitalne-demokracije-posvet.png 1500w\" sizes=\"auto, (max-width: 634px) 100vw, 634px\" \/><\/p>\n<p>Javni posvet \u00bb<em>E-sodelovanje prebivalcev pri odlo\u010danju v slovenskih ob\u010dinah \u2013 prilo\u017enosti in izzivi lokalne digitalne demokracije<\/em>\u00ab je potekal v petek, 10. novembra 2017 v dvorani Dr\u017eavnega sveta Republike Slovenije. Na posvetu je sodelovalo 54 udele\u017eencev iz ob\u010din, nevladnih organizacij, dr\u017eavnih in\u0161titucij, podjetij in splo\u0161ne javnosti.<\/p>\n<p>Klju\u010dna vpra\u0161anja, o katerih so razpravljali udele\u017eenci posveta, so bila naslednja:<\/p>\n<ul>\n<li>Kak\u0161ne so potrebe, pri\u010dakovanja in ozave\u0161\u010denost ob\u010danov glede e-sodelovanja pri odlo\u010danju?<\/li>\n<li>Kateri so politi\u010dni in sistemski pogoji za demokrati\u010dno in u\u010dinkovito e-sodelovanje ob\u010danov?<\/li>\n<li>Katera so ustrezna informacijska, komunikacijska in odlo\u010devalska digitalna orodja za krepitev demokrati\u010dne udele\u017ebe na lokalni ravni v Sloveniji?<\/li>\n<\/ul>\n<hr \/>\n<p><a href=\"http:\/\/inepa.si\/local-digital-democracy\/wp-content\/uploads\/2017\/11\/Program-posvet-E-sodelovanje-obcanov.pdf\"><span style=\"color: #0000ff;\">Vsebinska izhodi\u0161\u010da in program posveta (pdf)<\/span><\/a><\/p>\n<hr \/>\n<p>Poro\u010dilo posveta (v pripravi)<\/p>\n<hr \/>\n<p><strong>Video nagovor udele\u017eencem posveta &#8211; primer dobre prakse e-sodelovanja ob\u010danov<br \/>\n<\/strong><\/p>\n<p><iframe loading=\"lazy\" title=\"dr. Vladimir Prebili\u010d, \u017eupan, Ob\u010dina Ko\u010devje (video nagovor)\" width=\"634\" height=\"357\" src=\"https:\/\/www.youtube.com\/embed\/swPnDD6ACkk?feature=oembed\" frameborder=\"0\" allow=\"accelerometer; autoplay; clipboard-write; encrypted-media; gyroscope; picture-in-picture; web-share\" referrerpolicy=\"strict-origin-when-cross-origin\" allowfullscreen><\/iframe><\/p>\n<hr \/>\n<p><strong>Predstavitve govorcev<\/strong><\/p>\n<p>&nbsp;<\/p>\n<hr \/>\n<p><strong>Medijsko poro\u010danje<\/strong><\/p>\n<p><a href=\"https:\/\/krog.sta.si\/2448737\/na-lokalni-ravni-pri-e-sodelovanju-obcanov-vrsta-moznosti-in-izzivov\" target=\"_blank\" rel=\"noopener\"><span style=\"color: #0000ff;\">Na lokalni ravni pri e-sodelovanju ob\u010danov vrsta mo\u017enosti in izzivov<\/span><\/a>. <em>Slovenska tiskovna agencija (STA)<\/em>, 10. november 2017.<\/p>\n<hr \/>\n<p>Twitter dogodek (v pripravi)<\/p>\n<hr \/>\n<p><strong>Fotogalerija dogodka<\/strong><\/p>\n<div id='custom-gallery gallery-85' class='gallery galleryid-85 gallery-columns-3'>\n<dl class='gallery-item gallery-columns-3'><a href=\"https:\/\/www.inepa.si\/local-digital-democracy\/wp-content\/uploads\/2018\/03\/Posvet-e-sodelovanje-obcanov.png\" rel='post-85' class=\"fancybox\" title=''>\n<div class='gallery-item-thumb'><img decoding=\"async\" src=\"https:\/\/www.inepa.si\/local-digital-democracy\/wp-content\/uploads\/2018\/03\/Posvet-e-sodelovanje-obcanov.png\" alt='' \/><\/div>\n<div class='wp-caption-text'><\/div><\/a>\n<\/dl><dl class='gallery-item gallery-columns-3'><a href=\"https:\/\/www.inepa.si\/local-digital-democracy\/wp-content\/uploads\/2018\/03\/Posvet-e-sodelovanje-obcanov-2.png\" rel='post-85' class=\"fancybox\" title=''>\n<div class='gallery-item-thumb'><img decoding=\"async\" src=\"https:\/\/www.inepa.si\/local-digital-democracy\/wp-content\/uploads\/2018\/03\/Posvet-e-sodelovanje-obcanov-2.png\" alt='' \/><\/div>\n<div class='wp-caption-text'><\/div><\/a>\n<\/dl><dl class='gallery-item gallery-columns-3'><a href=\"https:\/\/www.inepa.si\/local-digital-democracy\/wp-content\/uploads\/2018\/03\/Posvet-e-sodelovanje-obcanov-3.png\" rel='post-85' class=\"fancybox\" title=''>\n<div class='gallery-item-thumb'><img decoding=\"async\" src=\"https:\/\/www.inepa.si\/local-digital-democracy\/wp-content\/uploads\/2018\/03\/Posvet-e-sodelovanje-obcanov-3.png\" alt='' \/><\/div>\n<div class='wp-caption-text'><\/div><\/a>\n<\/dl><dl class='gallery-item gallery-columns-3'><a href=\"https:\/\/www.inepa.si\/local-digital-democracy\/wp-content\/uploads\/2018\/03\/Posvet-e-sodelovanje-obcanov-4.png\" rel='post-85' class=\"fancybox\" title=''>\n<div class='gallery-item-thumb'><img decoding=\"async\" src=\"https:\/\/www.inepa.si\/local-digital-democracy\/wp-content\/uploads\/2018\/03\/Posvet-e-sodelovanje-obcanov-4.png\" alt='' \/><\/div>\n<div class='wp-caption-text'><\/div><\/a>\n<\/dl><dl class='gallery-item gallery-columns-3'><a href=\"https:\/\/www.inepa.si\/local-digital-democracy\/wp-content\/uploads\/2018\/03\/Posvet-e-sodelovanje-obcanov-1.png\" rel='post-85' class=\"fancybox\" title=''>\n<div class='gallery-item-thumb'><img decoding=\"async\" src=\"https:\/\/www.inepa.si\/local-digital-democracy\/wp-content\/uploads\/2018\/03\/Posvet-e-sodelovanje-obcanov-1.png\" alt='' \/><\/div>\n<div class='wp-caption-text'><\/div><\/a>\n<\/dl><dl class='gallery-item gallery-columns-3'><a href=\"https:\/\/www.inepa.si\/local-digital-democracy\/wp-content\/uploads\/2018\/03\/Posvet-e-sodelovanje-obcanov-7.png\" rel='post-85' class=\"fancybox\" title=''>\n<div class='gallery-item-thumb'><img decoding=\"async\" src=\"https:\/\/www.inepa.si\/local-digital-democracy\/wp-content\/uploads\/2018\/03\/Posvet-e-sodelovanje-obcanov-7.png\" alt='' \/><\/div>\n<div class='wp-caption-text'><\/div><\/a>\n<\/dl><dl class='gallery-item gallery-columns-3'><a href=\"https:\/\/www.inepa.si\/local-digital-democracy\/wp-content\/uploads\/2018\/03\/Posvet-e-sodelovanje-obcanov-8.png\" rel='post-85' class=\"fancybox\" title=''>\n<div class='gallery-item-thumb'><img decoding=\"async\" src=\"https:\/\/www.inepa.si\/local-digital-democracy\/wp-content\/uploads\/2018\/03\/Posvet-e-sodelovanje-obcanov-8.png\" alt='' \/><\/div>\n<div class='wp-caption-text'><\/div><\/a>\n<\/dl><dl class='gallery-item gallery-columns-3'><a href=\"https:\/\/www.inepa.si\/local-digital-democracy\/wp-content\/uploads\/2018\/03\/Posvet-e-sodelovanje-obcanov-5.png\" rel='post-85' class=\"fancybox\" title=''>\n<div class='gallery-item-thumb'><img decoding=\"async\" src=\"https:\/\/www.inepa.si\/local-digital-democracy\/wp-content\/uploads\/2018\/03\/Posvet-e-sodelovanje-obcanov-5.png\" alt='' \/><\/div>\n<div class='wp-caption-text'><\/div><\/a>\n<\/dl><dl class='gallery-item gallery-columns-3'><a href=\"https:\/\/www.inepa.si\/local-digital-democracy\/wp-content\/uploads\/2018\/03\/Posvet-e-sodelovanje-obcanov-6.png\" rel='post-85' class=\"fancybox\" title=''>\n<div class='gallery-item-thumb'><img decoding=\"async\" src=\"https:\/\/www.inepa.si\/local-digital-democracy\/wp-content\/uploads\/2018\/03\/Posvet-e-sodelovanje-obcanov-6.png\" alt='' \/><\/div>\n<div class='wp-caption-text'><\/div><\/a>\n<\/dl><\/div>\n\n<hr \/>\n<p style=\"text-align: center;\"><strong>Organizatorji dogodka<\/strong><\/p>\n<p><a href=\"http:\/\/inepa.si\/local-digital-democracy\/wp-content\/uploads\/2017\/10\/Organizatorji-posvet-DS.png\" target=\"_blank\" rel=\"noopener\"><img loading=\"lazy\" decoding=\"async\" class=\"aligncenter wp-image-297\" src=\"http:\/\/inepa.si\/local-digital-democracy\/wp-content\/uploads\/2017\/10\/Organizatorji-posvet-DS-300x34.png\" alt=\"\" width=\"500\" height=\"57\" srcset=\"https:\/\/www.inepa.si\/local-digital-democracy\/wp-content\/uploads\/2017\/10\/Organizatorji-posvet-DS-300x34.png 300w, https:\/\/www.inepa.si\/local-digital-democracy\/wp-content\/uploads\/2017\/10\/Organizatorji-posvet-DS.png 697w\" sizes=\"auto, (max-width: 500px) 100vw, 500px\" \/><\/a><\/p>\n<hr \/>\n<p style=\"text-align: center;\">Dogodek je bil organiziran v okviru projekta \u00bbPopularizacija digitalne demokracije v Kranju in Velenju\u00ab, katerega podpira Veleposlani\u0161tvo Zdru\u017eenih dr\u017eav Amerike v Sloveniji.<\/p>\n<p><a href=\"https:\/\/si.usembassy.gov\/\" target=\"_blank\" rel=\"noopener\"><img loading=\"lazy\" decoding=\"async\" class=\"aligncenter wp-image-115\" src=\"http:\/\/inepa.si\/local-digital-democracy\/wp-content\/uploads\/2017\/10\/Veleposlanistvo-ZDA-Ljubljana-194x300.jpg\" alt=\"\" width=\"97\" height=\"150\" \/><\/a><\/p>\n","protected":false},"excerpt":{"rendered":"<p>Javni posvet \u00bbE-sodelovanje prebivalcev pri odlo\u010danju v slovenskih ob\u010dinah \u2013 prilo\u017enosti in izzivi lokalne digitalne demokracije\u00ab je potekal v petek, 10. novembra 2017 v dvorani Dr\u017eavnega sveta Republike Slovenije. Na posvetu je sodelovalo 54 udele\u017eencev iz ob\u010din, nevladnih organizacij, dr\u017eavnih in\u0161titucij, podjetij in splo\u0161ne javnosti. Klju\u010dna vpra\u0161anja, o katerih so razpravljali udele\u017eenci posveta, so bila [&hellip;]<\/p>\n","protected":false},"author":1,"featured_media":0,"parent":0,"menu_order":0,"comment_status":"closed","ping_status":"closed","template":"","meta":{"footnotes":""},"class_list":["post-85","page","type-page","status-publish","hentry"],"_links":{"self":[{"href":"https:\/\/inepa.si\/local-digital-democracy\/index.php?rest_route=\/wp\/v2\/pages\/85","targetHints":{"allow":["GET"]}}],"collection":[{"href":"https:\/\/inepa.si\/local-digital-democracy\/index.php?rest_route=\/wp\/v2\/pages"}],"about":[{"href":"https:\/\/inepa.si\/local-digital-democracy\/index.php?rest_route=\/wp\/v2\/types\/page"}],"author":[{"embeddable":true,"href":"https:\/\/inepa.si\/local-digital-democracy\/index.php?rest_route=\/wp\/v2\/users\/1"}],"replies":[{"embeddable":true,"href":"https:\/\/inepa.si\/local-digital-democracy\/index.php?rest_route=%2Fwp%2Fv2%2Fcomments&post=85"}],"version-history":[{"count":44,"href":"https:\/\/inepa.si\/local-digital-democracy\/index.php?rest_route=\/wp\/v2\/pages\/85\/revisions"}],"predecessor-version":[{"id":549,"href":"https:\/\/inepa.si\/local-digital-democracy\/index.php?rest_route=\/wp\/v2\/pages\/85\/revisions\/549"}],"wp:attachment":[{"href":"https:\/\/inepa.si\/local-digital-democracy\/index.php?rest_route=%2Fwp%2Fv2%2Fmedia&parent=85"}],"curies":[{"name":"wp","href":"https:\/\/api.w.org\/{rel}","templated":true}]}}