{"id":83,"date":"2017-10-04T17:45:15","date_gmt":"2017-10-04T17:45:15","guid":{"rendered":"http:\/\/inepa.si\/local-digital-democracy\/?page_id=83"},"modified":"2018-03-02T18:10:52","modified_gmt":"2018-03-02T18:10:52","slug":"regionalni-delavnici","status":"publish","type":"page","link":"https:\/\/inepa.si\/local-digital-democracy\/?page_id=83","title":{"rendered":"Regionalni delavnici v Kranju in Velenju"},"content":{"rendered":"<table style=\"width: 100%;\">\n<tbody>\n<tr>\n<th style=\"text-align: left;\"><a href=\"#Velenje\">Regionalna delavnica v Velenju, 8. 11. 2017<\/a><\/th>\n<th style=\"text-align: right;\"><a href=\"#Kranj\">Regionalna delavnica v Kranju, 23. 1. 2018<\/a><\/th>\n<\/tr>\n<\/tbody>\n<\/table>\n<h3 id=\"Velenje\">Regionalna delavnica v Velenju, 8. november 2017<\/h3>\n<p>V uvodnem delu regionalne delavnice \u00bbSodelovanje ob\u010danov z uporabo interneta\u00ab je dr. Stanko Blatnik z In\u0161tituta za simbolno analizo in razvoj informacijskih tehnologij izvedel predavanje z naslovom <a href=\"http:\/\/inepa.si\/local-digital-democracy\/wp-content\/uploads\/2017\/11\/Demokracija-in-tehnologija-Stanko-Blatnik-IPAK.pdf\" target=\"_blank\" rel=\"noopener\"><span style=\"color: #0000ff;\">\u00bbTehnologija in demokracija\u00ab<\/span><\/a> (pdf). Predavanje je predstavilo vpliv tehnolo\u0161kega razvoja na dru\u017ebeni razvoj in posledi\u010dni pojav dru\u017ebe razli\u010dnih hitrosti. Politi\u010dni del dru\u017ebe je v veliki meri \u0161e vedno na stopnji klasi\u010dne mehanske industrije, ki razume dr\u017eavljane kot volilni stroj. Predavanje se je zaklju\u010dilo s tezo, da so socialne inovacije klju\u010dnega pomena za nadaljnji razvoj demokracije (udele\u017eenci delavnice so v ta namen preizkusili alternativni model glasovanja na izmi\u0161ljenih predsedni\u0161kih volitvah).<\/p>\n<p><img loading=\"lazy\" decoding=\"async\" class=\"aligncenter wp-image-360\" src=\"http:\/\/inepa.si\/local-digital-democracy\/wp-content\/uploads\/2017\/11\/Delavnica-Velenje-e-participacija-obcanov-5-300x225.jpg\" alt=\"\" width=\"350\" height=\"263\" srcset=\"https:\/\/www.inepa.si\/local-digital-democracy\/wp-content\/uploads\/2017\/11\/Delavnica-Velenje-e-participacija-obcanov-5-300x225.jpg 300w, https:\/\/www.inepa.si\/local-digital-democracy\/wp-content\/uploads\/2017\/11\/Delavnica-Velenje-e-participacija-obcanov-5-768x576.jpg 768w, https:\/\/www.inepa.si\/local-digital-democracy\/wp-content\/uploads\/2017\/11\/Delavnica-Velenje-e-participacija-obcanov-5.jpg 960w\" sizes=\"auto, (max-width: 350px) 100vw, 350px\" \/><\/p>\n<p>Predavanju je sledila predstavitev <span style=\"color: #0000ff;\"><a style=\"color: #0000ff;\" href=\"http:\/\/inepa.si\/local-digital-democracy\/wp-content\/uploads\/2017\/11\/Rezultati-ankete-e-sodelovanje-obcanov-Savinjska.pdf\" target=\"_blank\" rel=\"noopener\">rezultatov ankete o uporabi interneta za sodelovanje ob\u010danov pri odlo\u010danju na lokalni ravni v Savinjski regiji<\/a><\/span> (pdf). Rezultati so pokazali, da ve\u010dina anketirancev dostopa do informacij in dokumentov na spletni strani ob\u010dine, precej manj pa jih uporablja internet za posredovanje vpra\u0161anj predstavnikom ob\u010dine, sporo\u010danje pobud ob\u010dini, podajanje pripomb na predpise ali podpisovanje peticij o lokalni problematiki. Anketiranci se v veliki meri strinjajo, da ima internet pomembno vlogo pri krepitvi sodelovanja ob\u010danov pri dolo\u010danju, vendar pa je v praksi s tem povezanih precej ovir. Najpogostej\u0161a razloga, zaradi katerih ob\u010dani ne sodelujejo pri odlo\u010danju prek interneta, sta neupo\u0161tevanje sodelovanja, zaradi katerega posledi\u010dno ni sprememb in pomanjkanje mo\u017enosti za sodelovanje, ker ob\u010dina ne spra\u0161uje ob\u010danov za mnenje.<\/p>\n<p>Uvodnemu delu delavnice je sledila razprava o dodatnih razlogih za neuporabo obstoje\u010dih mo\u017enosti e-participacije na lokalni ravni, katero je povezoval mag. Simon Delakorda z In\u0161tituta za elektronsko participacijo. Udele\u017eenci delavnice so pri tem izpostavili slabo informiranost ob\u010danov, uporabni\u0161ko neprijaznost spletnih strani, neodzivnost ob\u010dine in pomanjkanje konkretnih u\u010dinkov sodelovanja prek interneta. Posebej so opozorili na pomen informiranja ob\u010danov o mo\u017enostih e-sodelovanja kot so personalizacija obve\u0161\u010danja ob\u010danov s strani ob\u010dine, kratke in zgo\u0161\u010dene informacije ter mo\u017enost takoj\u0161njega odziva ob\u010danov. Na koncu so udele\u017eenci delavnice izpostavili \u0161e potrebo po spletni strani za pregled civilnih pobud (v anketi sta bila izpostavljena \u0161e spletni semafor uspe\u0161nosti izvajanja ob\u010dinskih projektov in spletni vpra\u0161alnik za ugotavljanje mnenja ob\u010danov)in enotnem lokalnem spletnem mestu za razli\u010dna orodja e-participacije po na\u010delu manj orodij, ki pa so enostavna za uporabo in neposredno prispevajo k bolj\u0161i kakovosti \u017eivljenja na lokalni ravni.<\/p>\n<p><img loading=\"lazy\" decoding=\"async\" class=\"wp-image-373 aligncenter\" src=\"http:\/\/inepa.si\/local-digital-democracy\/wp-content\/uploads\/2017\/11\/Delavnica-Velenje-e-participacija-obcanov-6.jpg\" alt=\"\" width=\"350\" height=\"263\" \/><\/p>\n<p style=\"text-align: center;\"><em>Regionalna delavnica v Velenju je bila organizirana v okviru projekta \u00bbPopularizacija digitalne demokracije v Kranju in Velenju\u00ab, katerega podpira Veleposlani\u0161tvo Zdru\u017eenih dr\u017eav Amerike v Sloveniji.<\/em><\/p>\n<hr \/>\n<h3 id=\"Kranj\">Regionalna delavnica v Kranju, 23. januar 2018<\/h3>\n<p>V prvem delu delavnice so bili predstavljeni rezultati spletne ankete o uporabi interneta pri sodelovanju ob\u010danov v lokalnih skupnostih na Gorenjskem ter prakti\u010dni vidiki e-sodelovanja ob\u010danov (<span style=\"color: #0000ff;\"><a style=\"color: #0000ff;\" href=\"http:\/\/inepa.si\/local-digital-democracy\/wp-content\/uploads\/2018\/03\/Pametni-glas-NVO-Regionalno-sticisce-NVO.pdf\" target=\"_blank\" rel=\"noopener\">projekt Pametni glas NVO<\/a><\/span> &#8211; Regionalno sti\u010di\u0161\u010de NVO Osrednje Slovenije in <span style=\"color: #0000ff;\"><a style=\"color: #0000ff;\" href=\"http:\/\/inepa.si\/local-digital-democracy\/wp-content\/uploads\/2018\/03\/E-sodelovanje-obcanov-Zavod-UP.pdf\" target=\"_blank\" rel=\"noopener\">prispevek NVO k ve\u010dji uporabi javnih e-storitev<\/a><\/span> &#8211; Zavod UP).<\/p>\n<p><img loading=\"lazy\" decoding=\"async\" class=\"aligncenter wp-image-563\" src=\"http:\/\/inepa.si\/local-digital-democracy\/wp-content\/uploads\/2018\/03\/Delavnica-e-sodelovanje-obcanov-Kranj-1024x614.jpg\" alt=\"\" width=\"350\" height=\"210\" srcset=\"https:\/\/www.inepa.si\/local-digital-democracy\/wp-content\/uploads\/2018\/03\/Delavnica-e-sodelovanje-obcanov-Kranj-1024x614.jpg 1024w, https:\/\/www.inepa.si\/local-digital-democracy\/wp-content\/uploads\/2018\/03\/Delavnica-e-sodelovanje-obcanov-Kranj-300x180.jpg 300w, https:\/\/www.inepa.si\/local-digital-democracy\/wp-content\/uploads\/2018\/03\/Delavnica-e-sodelovanje-obcanov-Kranj-768x461.jpg 768w\" sizes=\"auto, (max-width: 350px) 100vw, 350px\" \/><\/p>\n<p>V drugem delu je sledila moderirana razprava o izku\u0161njah, potrebah in pri\u010dakovanjih glede e-sodelovanja ter iskanje re\u0161itev za izbolj\u0161anje odzivnosti na sodelovanje ob\u010danov. Udele\u017eenci delavnice so pri izpostavili naslednje vidike:<\/p>\n<p>Razlogi za nesodelovanje v javnih zadevah prek interneta:<\/p>\n<ul>\n<li>ljudje se ne upajo izpostavljati, ker lahko imajo kasneje te\u017eave, ko ho\u010dejo na ob\u010dini urediti kak\u0161no svojo zadevo;<\/li>\n<li>v majhnih ob\u010dinah ljudje ne sodelujejo prek e-orodij ampak prek politi\u010dnih strank;<\/li>\n<li>veliko stvari na lokalni ravni se da urediti brez e-orodij prek civilnih iniciativ in nevladnih organizacij na mikro obmo\u010dju;<\/li>\n<li>problem nerealnih informacij in nezaupanja v ob\u010dinske institucije (npr. ob\u010dina lahko objavi na internetu karkoli);<\/li>\n<li>osebne povezave pri izvajanju ob\u010dinskih IKT projektov, zaradi katerih ni bistvenega napredka (ni interesa, orodja niso uporabniku prijazna);<\/li>\n<li>ni zahtev ob\u010danov po efektivni preglednosti in odzivnosti ob\u010dine.<\/li>\n<\/ul>\n<p>Orodja za e-sodelovanje, katera manjkajo na Gorenjskem:<\/p>\n<ul>\n<li>aplikacija za strate\u0161ko na\u010drtovanje razvojnih projektov in semafor u\u010dinkovitosti izvajanja teh projektov s strani ob\u010din;<\/li>\n<li>v obstoje\u010dih e-orodjih omogo\u010diti zbiranje podpore objavljenim predlogom in pobudam ob\u010danov in zagotoviti preglednost objavljanja in obvezno obravnavo s strani ob\u010dine;<\/li>\n<li>e-peticije za spodbujanje civilnih iniciative na lokalni ravni.<\/li>\n<\/ul>\n<p>Dru\u017ebeni in kulturni pogoji za e-sodelovanje na lokalni ravni:<\/p>\n<ul>\n<li>pomembno je, da \u017eupani prepoznajo e-sodelovanje ob\u010danov kot na\u010din dela (poudarjanje dobrih primerov\u00a0 \u2013 npr. Ko\u010devje);<\/li>\n<li>ob\u010dinska uprava mora biti ozave\u0161\u010dena o e-sodelovanju;<\/li>\n<li>kultura sodelovanja in aktivni ob\u010dani;<\/li>\n<li>da imajo ljudje ob\u010dutek, da so usli\u0161ani, da imajo argumenti neko te\u017eo;<\/li>\n<li>nagrajevanje e-sodelovanja.<\/li>\n<li>ustrezna zakonodaja, ki ume\u0161\u010da e-participacijo v odlo\u010danje na lokalni ravni.<\/li>\n<\/ul>\n<p>Predlogi:<\/p>\n<ul>\n<li>javno ocenjevanje dela \u017eupanov in ob\u010dinskih uradnikov (podobno kot sistem TripAdvisor);<\/li>\n<li>uporaba e-sodelovanja, ko je potrebno zbrati mnenja ljudi v ve\u010djem obsegu (npr. prometna strategija);<\/li>\n<li>krepitev NVO sektorja, da bo mo\u010dnej\u0161i pri doseganju kriti\u010dne mase ob\u010danov in u\u010dinkovitej\u0161i pri izvajanju pritiska.<\/li>\n<\/ul>\n<p style=\"text-align: center;\"><em>Regionalna delavnica v Kranju je bila organizirana v okviru projekta \u00bbPopularizacija digitalne demokracije v Kranju in Velenju\u00ab, katerega podpira Veleposlani\u0161tvo Zdru\u017eenih dr\u017eav Amerike v Sloveniji.<\/em><\/p>\n","protected":false},"excerpt":{"rendered":"<p>Regionalna delavnica v Velenju, 8. 11. 2017 Regionalna delavnica v Kranju, 23. 1. 2018 Regionalna delavnica v Velenju, 8. november 2017 V uvodnem delu regionalne delavnice \u00bbSodelovanje ob\u010danov z uporabo interneta\u00ab je dr. Stanko Blatnik z In\u0161tituta za simbolno analizo in razvoj informacijskih tehnologij izvedel predavanje z naslovom \u00bbTehnologija in demokracija\u00ab (pdf). Predavanje je predstavilo [&hellip;]<\/p>\n","protected":false},"author":1,"featured_media":0,"parent":0,"menu_order":0,"comment_status":"closed","ping_status":"closed","template":"","meta":{"footnotes":""},"class_list":["post-83","page","type-page","status-publish","hentry"],"_links":{"self":[{"href":"https:\/\/inepa.si\/local-digital-democracy\/index.php?rest_route=\/wp\/v2\/pages\/83","targetHints":{"allow":["GET"]}}],"collection":[{"href":"https:\/\/inepa.si\/local-digital-democracy\/index.php?rest_route=\/wp\/v2\/pages"}],"about":[{"href":"https:\/\/inepa.si\/local-digital-democracy\/index.php?rest_route=\/wp\/v2\/types\/page"}],"author":[{"embeddable":true,"href":"https:\/\/inepa.si\/local-digital-democracy\/index.php?rest_route=\/wp\/v2\/users\/1"}],"replies":[{"embeddable":true,"href":"https:\/\/inepa.si\/local-digital-democracy\/index.php?rest_route=%2Fwp%2Fv2%2Fcomments&post=83"}],"version-history":[{"count":85,"href":"https:\/\/inepa.si\/local-digital-democracy\/index.php?rest_route=\/wp\/v2\/pages\/83\/revisions"}],"predecessor-version":[{"id":577,"href":"https:\/\/inepa.si\/local-digital-democracy\/index.php?rest_route=\/wp\/v2\/pages\/83\/revisions\/577"}],"wp:attachment":[{"href":"https:\/\/inepa.si\/local-digital-democracy\/index.php?rest_route=%2Fwp%2Fv2%2Fmedia&parent=83"}],"curies":[{"name":"wp","href":"https:\/\/api.w.org\/{rel}","templated":true}]}}