{"id":79,"date":"2017-10-04T17:29:22","date_gmt":"2017-10-04T17:29:22","guid":{"rendered":"http:\/\/inepa.si\/local-digital-democracy\/?page_id=79"},"modified":"2018-03-02T11:54:34","modified_gmt":"2018-03-02T11:54:34","slug":"spletni-vprasalnik","status":"publish","type":"page","link":"https:\/\/inepa.si\/local-digital-democracy\/?page_id=79","title":{"rendered":"Spletni vpra\u0161alnik o uporabi interneta za sodelovanje ob\u010danov"},"content":{"rendered":"<p>Cilj spletne ankete je bil ugotoviti naslednje vidike uporaba interneta za sodelovanje ob\u010danov pri odlo\u010danju:<\/p>\n<ul>\n<li>obseg sodelovanja v demokrati\u010dnem \u017eivljenju na lokalni ravni;<\/li>\n<li>stali\u0161\u010da do vloge interneta pri sodelovanju ob\u010danov;<\/li>\n<li>oblike e-sodelovanja pri odlo\u010danju v ob\u010dini;<\/li>\n<li>glasovanje na lokalnih volitvah prek interneta;<\/li>\n<li>manjkajo\u010de oblike vklju\u010devanja ob\u010danov prek interneta;<\/li>\n<li>razlogi za nesodelovanje ob\u010danov pri odlo\u010danju prek interneta.<\/li>\n<\/ul>\n<p>Spletno anketiranje je potekala med 10. oktobrom in 22. novembrom 2017. V anketi je sodelovalo 216 anketirancev. V analizi rezultatov so vklju\u010deni podatki 187 v celoti izpolnjenih spletnih vpra\u0161alnikov. Zaradi nenaklju\u010dnega in relativno majhnega vzorca anketirancev, rezultati ankete niso reprezentativni za prebivalce Slovenije na nacionalni ali regionalni ravni.<\/p>\n<p>Demografska in regionalna struktura anketirancev je bila naslednja:<\/p>\n<ul>\n<li>74 % anketirancev je bilo starih med 31 in 60 let;<\/li>\n<li>27 % anketirancev je prebivalo v savinjski regiji in 24 % v gorenjski regiji. 49 % anketirancev je prebivalo v drugih slovenskih regijah.<\/li>\n<\/ul>\n<p>Podrobnej\u0161a analiza rezultatov ankete je dostopna na spletni povezavi <a href=\"http:\/\/inepa.si\/local-digital-democracy\/?page_id=103\" target=\"_blank\" rel=\"noopener\"><span style=\"color: #0000ff;\">http:\/\/inepa.si\/local-digital-democracy\/?page_id=103<\/span><\/a>.<\/p>\n<hr \/>\n<p><strong>1. Obseg sodelovanja v demokrati\u010dnem \u017eivljenju na lokalni ravni.<\/strong><\/p>\n<p style=\"text-align: center;\"><em>Ali ste se v zadnjih \u0161tirih letih udele\u017eili katere izmed zakonsko opredeljenih oblik soodlo\u010danja v va\u0161i ob\u010dini ali krajevni skupnosti? (n = 186)<\/em><\/p>\n<p><a href=\"http:\/\/inepa.si\/local-digital-democracy\/wp-content\/uploads\/2018\/03\/Obseg-sodelovanja-obcanov.png\" target=\"_blank\" rel=\"noopener\"><img loading=\"lazy\" decoding=\"async\" class=\"aligncenter wp-image-434\" src=\"http:\/\/inepa.si\/local-digital-democracy\/wp-content\/uploads\/2018\/03\/Obseg-sodelovanja-obcanov-1024x374.png\" alt=\"\" width=\"650\" height=\"237\" srcset=\"https:\/\/www.inepa.si\/local-digital-democracy\/wp-content\/uploads\/2018\/03\/Obseg-sodelovanja-obcanov-1024x374.png 1024w, https:\/\/www.inepa.si\/local-digital-democracy\/wp-content\/uploads\/2018\/03\/Obseg-sodelovanja-obcanov-300x110.png 300w, https:\/\/www.inepa.si\/local-digital-democracy\/wp-content\/uploads\/2018\/03\/Obseg-sodelovanja-obcanov-768x280.png 768w, https:\/\/www.inepa.si\/local-digital-democracy\/wp-content\/uploads\/2018\/03\/Obseg-sodelovanja-obcanov.png 1860w\" sizes=\"auto, (max-width: 650px) 100vw, 650px\" \/><\/a><\/p>\n<hr \/>\n<p><strong>2. Stali\u0161\u010da do vloge interneta pri sodelovanju ob\u010danov.<\/strong><\/p>\n<p style=\"text-align: center;\"><em>V kolik\u0161ni meri sogla\u0161ate ali ne sogla\u0161ate z naslednjimi trditvami o vlogi interneta pri sodelovanju ob\u010danov? Internet&#8230; (n = 183)<\/em><\/p>\n<p><a href=\"http:\/\/inepa.si\/local-digital-democracy\/wp-content\/uploads\/2018\/03\/Stalisca-do-e-sodelovanja.png\" target=\"_blank\" rel=\"noopener\"><img loading=\"lazy\" decoding=\"async\" class=\"aligncenter wp-image-440\" src=\"http:\/\/inepa.si\/local-digital-democracy\/wp-content\/uploads\/2018\/03\/Stalisca-do-e-sodelovanja-1024x596.png\" alt=\"\" width=\"560\" height=\"326\" srcset=\"https:\/\/www.inepa.si\/local-digital-democracy\/wp-content\/uploads\/2018\/03\/Stalisca-do-e-sodelovanja-1024x596.png 1024w, https:\/\/www.inepa.si\/local-digital-democracy\/wp-content\/uploads\/2018\/03\/Stalisca-do-e-sodelovanja-300x175.png 300w, https:\/\/www.inepa.si\/local-digital-democracy\/wp-content\/uploads\/2018\/03\/Stalisca-do-e-sodelovanja-768x447.png 768w, https:\/\/www.inepa.si\/local-digital-democracy\/wp-content\/uploads\/2018\/03\/Stalisca-do-e-sodelovanja.png 1546w\" sizes=\"auto, (max-width: 560px) 100vw, 560px\" \/><\/a><\/p>\n<hr \/>\n<p><strong>3. Oblike e-sodelovanja pri odlo\u010danju v ob\u010dini.<\/strong><\/p>\n<p style=\"text-align: center;\"><em>Ali ste v zadnjem letu uporabili internet za naslednje oblike sodelovanja na ob\u010dinski ravni? (n = 187)<\/em><\/p>\n<p><a href=\"http:\/\/inepa.si\/local-digital-democracy\/wp-content\/uploads\/2018\/03\/Oblike-e-sodelovanja-obcanov.png\" target=\"_blank\" rel=\"noopener\"><img loading=\"lazy\" decoding=\"async\" class=\"aligncenter wp-image-443\" src=\"http:\/\/inepa.si\/local-digital-democracy\/wp-content\/uploads\/2018\/03\/Oblike-e-sodelovanja-obcanov-1024x616.png\" alt=\"\" width=\"700\" height=\"421\" srcset=\"https:\/\/www.inepa.si\/local-digital-democracy\/wp-content\/uploads\/2018\/03\/Oblike-e-sodelovanja-obcanov-1024x616.png 1024w, https:\/\/www.inepa.si\/local-digital-democracy\/wp-content\/uploads\/2018\/03\/Oblike-e-sodelovanja-obcanov-300x181.png 300w, https:\/\/www.inepa.si\/local-digital-democracy\/wp-content\/uploads\/2018\/03\/Oblike-e-sodelovanja-obcanov-768x462.png 768w, https:\/\/www.inepa.si\/local-digital-democracy\/wp-content\/uploads\/2018\/03\/Oblike-e-sodelovanja-obcanov.png 1872w\" sizes=\"auto, (max-width: 700px) 100vw, 700px\" \/><\/a><\/p>\n<hr \/>\n<p><strong>4. Glasovanje na lokalnih volitvah prek interneta.<\/strong><\/p>\n<p style=\"text-align: center;\"><em>Ali bi glasovali na lokalnih volitvah prek interneta (e-volitve)? (n = 185)<\/em><\/p>\n<p><a href=\"http:\/\/inepa.si\/local-digital-democracy\/wp-content\/uploads\/2018\/03\/Glasovanje-e-volitve.png\" target=\"_blank\" rel=\"noopener\"><img loading=\"lazy\" decoding=\"async\" class=\"aligncenter wp-image-444\" src=\"http:\/\/inepa.si\/local-digital-democracy\/wp-content\/uploads\/2018\/03\/Glasovanje-e-volitve-300x121.png\" alt=\"\" width=\"340\" height=\"137\" srcset=\"https:\/\/www.inepa.si\/local-digital-democracy\/wp-content\/uploads\/2018\/03\/Glasovanje-e-volitve-300x121.png 300w, https:\/\/www.inepa.si\/local-digital-democracy\/wp-content\/uploads\/2018\/03\/Glasovanje-e-volitve-768x309.png 768w, https:\/\/www.inepa.si\/local-digital-democracy\/wp-content\/uploads\/2018\/03\/Glasovanje-e-volitve.png 948w\" sizes=\"auto, (max-width: 340px) 100vw, 340px\" \/><\/a><\/p>\n<hr \/>\n<p><strong>5. Manjkajo\u010de oblike vklju\u010devanja ob\u010danov prek interneta.<\/strong><\/p>\n<p style=\"text-align: center;\"><em>Katere oblike vklju\u010devanja v odlo\u010danje prek interneta pogre\u0161ate na spletni strani va\u0161e ob\u010dine oz. v va\u0161i ob\u010dini na splo\u0161no? (n = 171)<\/em><\/p>\n<p><a href=\"http:\/\/inepa.si\/local-digital-democracy\/wp-content\/uploads\/2018\/03\/Pogresam-e-sodelovanje.png\" target=\"_blank\" rel=\"noopener\"><img loading=\"lazy\" decoding=\"async\" class=\"aligncenter wp-image-460\" src=\"http:\/\/inepa.si\/local-digital-democracy\/wp-content\/uploads\/2018\/03\/Pogresam-e-sodelovanje-1024x870.png\" alt=\"\" width=\"565\" height=\"480\" srcset=\"https:\/\/www.inepa.si\/local-digital-democracy\/wp-content\/uploads\/2018\/03\/Pogresam-e-sodelovanje-1024x870.png 1024w, https:\/\/www.inepa.si\/local-digital-democracy\/wp-content\/uploads\/2018\/03\/Pogresam-e-sodelovanje-300x255.png 300w, https:\/\/www.inepa.si\/local-digital-democracy\/wp-content\/uploads\/2018\/03\/Pogresam-e-sodelovanje-768x652.png 768w, https:\/\/www.inepa.si\/local-digital-democracy\/wp-content\/uploads\/2018\/03\/Pogresam-e-sodelovanje.png 1604w\" sizes=\"auto, (max-width: 565px) 100vw, 565px\" \/><\/a><\/p>\n<hr \/>\n<p><strong>6. Razlogi za nesodelovanje ob\u010danov pri odlo\u010danju prek interneta.<\/strong><\/p>\n<p style=\"text-align: center;\"><em>Kako pogosti so po va\u0161em mnenju razlogi oz. okoli\u0161\u010dine za nesodelovanje ob\u010danov pri ob\u010dinskih odlo\u010ditvah prek interneta? (n = 173)<\/em><\/p>\n<p><a href=\"http:\/\/inepa.si\/local-digital-democracy\/wp-content\/uploads\/2018\/03\/Razlogi-ne-e-sodelovanje.png\" target=\"_blank\" rel=\"noopener\"><img loading=\"lazy\" decoding=\"async\" class=\"aligncenter wp-image-464\" src=\"http:\/\/inepa.si\/local-digital-democracy\/wp-content\/uploads\/2018\/03\/Razlogi-ne-e-sodelovanje-1024x754.png\" alt=\"\" width=\"520\" height=\"383\" srcset=\"https:\/\/www.inepa.si\/local-digital-democracy\/wp-content\/uploads\/2018\/03\/Razlogi-ne-e-sodelovanje-1024x754.png 1024w, https:\/\/www.inepa.si\/local-digital-democracy\/wp-content\/uploads\/2018\/03\/Razlogi-ne-e-sodelovanje-300x221.png 300w, https:\/\/www.inepa.si\/local-digital-democracy\/wp-content\/uploads\/2018\/03\/Razlogi-ne-e-sodelovanje-768x566.png 768w, https:\/\/www.inepa.si\/local-digital-democracy\/wp-content\/uploads\/2018\/03\/Razlogi-ne-e-sodelovanje.png 1483w\" sizes=\"auto, (max-width: 520px) 100vw, 520px\" \/><\/a><\/p>\n","protected":false},"excerpt":{"rendered":"<p>Cilj spletne ankete je bil ugotoviti naslednje vidike uporaba interneta za sodelovanje ob\u010danov pri odlo\u010danju: obseg sodelovanja v demokrati\u010dnem \u017eivljenju na lokalni ravni; stali\u0161\u010da do vloge interneta pri sodelovanju ob\u010danov; oblike e-sodelovanja pri odlo\u010danju v ob\u010dini; glasovanje na lokalnih volitvah prek interneta; manjkajo\u010de oblike vklju\u010devanja ob\u010danov prek interneta; razlogi za nesodelovanje ob\u010danov pri odlo\u010danju prek [&hellip;]<\/p>\n","protected":false},"author":1,"featured_media":0,"parent":0,"menu_order":0,"comment_status":"closed","ping_status":"closed","template":"","meta":{"footnotes":""},"class_list":["post-79","page","type-page","status-publish","hentry"],"_links":{"self":[{"href":"https:\/\/inepa.si\/local-digital-democracy\/index.php?rest_route=\/wp\/v2\/pages\/79","targetHints":{"allow":["GET"]}}],"collection":[{"href":"https:\/\/inepa.si\/local-digital-democracy\/index.php?rest_route=\/wp\/v2\/pages"}],"about":[{"href":"https:\/\/inepa.si\/local-digital-democracy\/index.php?rest_route=\/wp\/v2\/types\/page"}],"author":[{"embeddable":true,"href":"https:\/\/inepa.si\/local-digital-democracy\/index.php?rest_route=\/wp\/v2\/users\/1"}],"replies":[{"embeddable":true,"href":"https:\/\/inepa.si\/local-digital-democracy\/index.php?rest_route=%2Fwp%2Fv2%2Fcomments&post=79"}],"version-history":[{"count":49,"href":"https:\/\/inepa.si\/local-digital-democracy\/index.php?rest_route=\/wp\/v2\/pages\/79\/revisions"}],"predecessor-version":[{"id":467,"href":"https:\/\/inepa.si\/local-digital-democracy\/index.php?rest_route=\/wp\/v2\/pages\/79\/revisions\/467"}],"wp:attachment":[{"href":"https:\/\/inepa.si\/local-digital-democracy\/index.php?rest_route=%2Fwp%2Fv2%2Fmedia&parent=79"}],"curies":[{"name":"wp","href":"https:\/\/api.w.org\/{rel}","templated":true}]}}