{"id":19,"date":"2017-10-04T14:20:35","date_gmt":"2017-10-04T14:20:35","guid":{"rendered":"http:\/\/inepa.si\/local-digital-democracy\/?page_id=19"},"modified":"2018-03-02T17:01:31","modified_gmt":"2018-03-02T17:01:31","slug":"rezultati","status":"publish","type":"page","link":"https:\/\/inepa.si\/local-digital-democracy\/?page_id=19","title":{"rendered":"Rezultati projekta"},"content":{"rendered":"<p>1) <a href=\"http:\/\/inepa.si\/local-digital-democracy\/?page_id=103\" target=\"_blank\" rel=\"noopener\">Poro\u010dilo terenske raziskave<\/a> o uporabi interneta pri sodelovanju prebivalcev v lokalnih skupnostih in potrebah po digitalnih orodjih za vplivanje na odlo\u010ditve v ob\u010dinah.<\/p>\n<p>2) <a href=\"http:\/\/inepa.si\/local-digital-democracy\/?page_id=105\" target=\"_blank\" rel=\"noopener\">Priporo\u010dila ob\u010dinam<\/a> za uporabo digitalnih tehnologij pri spodbujanju vklju\u010devanja ob\u010danov v odlo\u010danje.<\/p>\n<p>3) <a href=\"http:\/\/inepa.si\/local-digital-democracy\/?page_id=107\" target=\"_blank\" rel=\"noopener\">Predlog digitalnega orodja<\/a> v podporo vklju\u010devanju prebivalcev v pripravo lokalnih razvojnih strategij, oblikovanju participativnega prora\u010duna in preglednosti izvajanja ob\u010dinskih projektov.<\/p>\n","protected":false},"excerpt":{"rendered":"<p>1) Poro\u010dilo terenske raziskave o uporabi interneta pri sodelovanju prebivalcev v lokalnih skupnostih in potrebah po digitalnih orodjih za vplivanje na odlo\u010ditve v ob\u010dinah. 2) Priporo\u010dila ob\u010dinam za uporabo digitalnih tehnologij pri spodbujanju vklju\u010devanja ob\u010danov v odlo\u010danje. 3) Predlog digitalnega orodja v podporo vklju\u010devanju prebivalcev v pripravo lokalnih razvojnih strategij, oblikovanju participativnega prora\u010duna in preglednosti [&hellip;]<\/p>\n","protected":false},"author":1,"featured_media":0,"parent":0,"menu_order":0,"comment_status":"closed","ping_status":"closed","template":"","meta":{"footnotes":""},"class_list":["post-19","page","type-page","status-publish","hentry"],"_links":{"self":[{"href":"https:\/\/inepa.si\/local-digital-democracy\/index.php?rest_route=\/wp\/v2\/pages\/19","targetHints":{"allow":["GET"]}}],"collection":[{"href":"https:\/\/inepa.si\/local-digital-democracy\/index.php?rest_route=\/wp\/v2\/pages"}],"about":[{"href":"https:\/\/inepa.si\/local-digital-democracy\/index.php?rest_route=\/wp\/v2\/types\/page"}],"author":[{"embeddable":true,"href":"https:\/\/inepa.si\/local-digital-democracy\/index.php?rest_route=\/wp\/v2\/users\/1"}],"replies":[{"embeddable":true,"href":"https:\/\/inepa.si\/local-digital-democracy\/index.php?rest_route=%2Fwp%2Fv2%2Fcomments&post=19"}],"version-history":[{"count":6,"href":"https:\/\/inepa.si\/local-digital-democracy\/index.php?rest_route=\/wp\/v2\/pages\/19\/revisions"}],"predecessor-version":[{"id":550,"href":"https:\/\/inepa.si\/local-digital-democracy\/index.php?rest_route=\/wp\/v2\/pages\/19\/revisions\/550"}],"wp:attachment":[{"href":"https:\/\/inepa.si\/local-digital-democracy\/index.php?rest_route=%2Fwp%2Fv2%2Fmedia&parent=19"}],"curies":[{"name":"wp","href":"https:\/\/api.w.org\/{rel}","templated":true}]}}