{"id":17,"date":"2017-10-04T14:20:12","date_gmt":"2017-10-04T14:20:12","guid":{"rendered":"http:\/\/inepa.si\/local-digital-democracy\/?page_id=17"},"modified":"2017-10-09T16:55:21","modified_gmt":"2017-10-09T16:55:21","slug":"aktivnosti","status":"publish","type":"page","link":"https:\/\/inepa.si\/local-digital-democracy\/?page_id=17","title":{"rendered":"Aktivnosti za dosego projektnih ciljev"},"content":{"rendered":"<p>1) Izvedba prilo\u017enostne <strong>terenske raziskave<\/strong> o uporabi interneta za sodelovanje prebivalcev pri odlo\u010danju v ob\u010dinah. Cilj raziskave je ugotoviti stali\u0161\u010da ob\u010danov do vloge interneta pri krepitvi demokracije v lokalnih skupnostih, obseg uporabe obstoje\u010dih oblik e-sodelovanja, verjetnost uporabe novih na\u010dinov in razloge za nesodelovanje pri odlo\u010danju. Uporabljeni metodi terenske raziskave sta <a href=\"http:\/\/inepa.si\/local-digital-democracy\/?page_id=79\" rel=\"noopener\" target=\"_blank\">spletni vpra\u0161alnik<\/a> in <a href=\"http:\/\/inepa.si\/local-digital-democracy\/?page_id=83\" rel=\"noopener\" target=\"_blank\">regionalni delavnici<\/a> v Kranju in Velenju. Primarna ciljna skupina raziskave so ob\u010dani v gorenjski in savinjski regiji. Spletni vpra\u0161alnik je bil izveden v okviru <a href=\"http:\/\/www.congress-eldw.eu\/en\/page\/117-presentation.html\" rel=\"noopener\" target=\"_blank\">evropskega tedna lokalne demokracije<\/a>.<\/p>\n<p>2) Organizacija <strong>nacionalnega posveta<\/strong> v Dr\u017eavnem svetu republike Slovenije z naslovom &#8220;<a href=\"http:\/\/inepa.si\/local-digital-democracy\/?page_id=85\" rel=\"noopener\" target=\"_blank\">E-sodelovanje prebivalcev pri odlo\u010danju v slovenskih ob\u010dinah \u2013 prilo\u017enosti in izzivi lokalne digitalne demokracije<\/a>&#8220;. Cilj posveta, ki bo potekal 10. novembra 2017, bo razpravljati o aktualnih izzivih e-sodelovanja prebivalcev na lokalni ravni, izpostaviti prakti\u010dne in idejne primere uporabe interneta za krepitev demokracije v ob\u010dinah, predstaviti rezultate terenske raziskave ter oblikovati vsebinske nastavke za priporo\u010dila slovenskim ob\u010dinam. Na posvetu bo z osrednjim predavanjem sodeloval mednarodno priznani strokovnjak za digitalno participacijo <a href=\"http:\/\/stevenclift.com\/\" rel=\"noopener\" target=\"_blank\">g. Steven Clift<\/a>.<\/p>\n<p>3) Ozave\u0161\u010danje, zagovorni\u0161tvo in <strong>vzpostavljanje partnerstev<\/strong> z \u017eupani, ob\u010dinskimi svetniki in uradniki za uporabi interneta v podporo demokrati\u010dni participaciji. Cilj ozave\u0161\u010danja je predstaviti odlo\u010devalcem v gorenjski in savinjski regiji <a href=\"http:\/\/inepa.si\/local-digital-democracy\/?page_id=105\" rel=\"noopener\" target=\"_blank\">priporo\u010dila ob\u010dinam<\/a> za uporabo digitalnih tehnologij pri spodbujanju vklju\u010devanja ob\u010danov v odlo\u010danje, <a href=\"http:\/\/inepa.si\/local-digital-democracy\/?page_id=107\" rel=\"noopener\" target=\"_blank\">izvedbeni na\u010drt za digitalno orodje<\/a> v podporo lokalni demokraciji ter vzpostaviti lokalne pobude za digitalno demokracijo.<\/p>\n","protected":false},"excerpt":{"rendered":"<p>1) Izvedba prilo\u017enostne terenske raziskave o uporabi interneta za sodelovanje prebivalcev pri odlo\u010danju v ob\u010dinah. Cilj raziskave je ugotoviti stali\u0161\u010da ob\u010danov do vloge interneta pri krepitvi demokracije v lokalnih skupnostih, obseg uporabe obstoje\u010dih oblik e-sodelovanja, verjetnost uporabe novih na\u010dinov in razloge za nesodelovanje pri odlo\u010danju. Uporabljeni metodi terenske raziskave sta spletni vpra\u0161alnik in regionalni delavnici [&hellip;]<\/p>\n","protected":false},"author":1,"featured_media":0,"parent":0,"menu_order":0,"comment_status":"closed","ping_status":"closed","template":"","meta":{"footnotes":""},"class_list":["post-17","page","type-page","status-publish","hentry"],"_links":{"self":[{"href":"https:\/\/inepa.si\/local-digital-democracy\/index.php?rest_route=\/wp\/v2\/pages\/17","targetHints":{"allow":["GET"]}}],"collection":[{"href":"https:\/\/inepa.si\/local-digital-democracy\/index.php?rest_route=\/wp\/v2\/pages"}],"about":[{"href":"https:\/\/inepa.si\/local-digital-democracy\/index.php?rest_route=\/wp\/v2\/types\/page"}],"author":[{"embeddable":true,"href":"https:\/\/inepa.si\/local-digital-democracy\/index.php?rest_route=\/wp\/v2\/users\/1"}],"replies":[{"embeddable":true,"href":"https:\/\/inepa.si\/local-digital-democracy\/index.php?rest_route=%2Fwp%2Fv2%2Fcomments&post=17"}],"version-history":[{"count":10,"href":"https:\/\/inepa.si\/local-digital-democracy\/index.php?rest_route=\/wp\/v2\/pages\/17\/revisions"}],"predecessor-version":[{"id":232,"href":"https:\/\/inepa.si\/local-digital-democracy\/index.php?rest_route=\/wp\/v2\/pages\/17\/revisions\/232"}],"wp:attachment":[{"href":"https:\/\/inepa.si\/local-digital-democracy\/index.php?rest_route=%2Fwp%2Fv2%2Fmedia&parent=17"}],"curies":[{"name":"wp","href":"https:\/\/api.w.org\/{rel}","templated":true}]}}