{"id":12,"date":"2017-10-04T14:15:13","date_gmt":"2017-10-04T14:15:13","guid":{"rendered":"http:\/\/inepa.si\/local-digital-democracy\/?page_id=12"},"modified":"2018-03-02T17:21:01","modified_gmt":"2018-03-02T17:21:01","slug":"projekt","status":"publish","type":"page","link":"https:\/\/inepa.si\/local-digital-democracy\/?page_id=12","title":{"rendered":"Projekt \u00bbPopularizacija digitalne demokracije v Kranju in Velenju\u00ab"},"content":{"rendered":"<p><strong>Trajanje:<\/strong> 24. julij 2017 \u2013 31. januar 2018.<\/p>\n<p><strong>Namen:<\/strong> Promocija in zagovorni\u0161tvo uporabe digitalnih orodij med ob\u010dani in odlo\u010devalci v podporo participativni in inovativni demokraciji.<\/p>\n<p><strong>Vrednost:<\/strong> $8.480,00 USD (Program za nevladne organizacije Veleposlani\u0161tva ZDA v Ljubljani $5.000,00 USD; prispevek projektnih partnerjev $3.480,00 USD).<\/p>\n<p><strong>Cilji projekta:<\/strong><br \/>\n1) Vklju\u010ditev ob\u010danov, civilne dru\u017ebe in odlo\u010devalcev na lokalni ravni v na\u010drtovanje digitalnega orodja, ki bo podpiralo pripravo lokalnih razvojnih strategij, oblikovanje participativnega prora\u010duna in preglednosti izvajanja ob\u010dinskih projektov.<\/p>\n<p>2) Promocija, zagovorni\u0161tvo in dvig ozave\u0161\u010denosti med ob\u010dani, civilno dru\u017ebo in odlo\u010devalci na lokalni ravni o uporabo interneta za krepitev demokracije v ob\u010dinah.<\/p>\n<p>3) Vzpostavitev lokalne pobude za digitalno demokracijo v eni izmed ob\u010din v gorenjski in savinjski regiji, ki bo s pomo\u010djo ob\u010dine nadaljevala razvoj in vzpostavitev digitalnega orodja po zaklju\u010dku projekta.<\/p>\n<p>Dodatne informacije o utemeljenosti projekta so dostopne na <a href=\"http:\/\/inepa.si\/local-digital-democracy\/?page_id=132\" target=\"_blank\" rel=\"noopener\">tej povezavi<\/a>.<\/p>\n","protected":false},"excerpt":{"rendered":"<p>Trajanje: 24. julij 2017 \u2013 31. januar 2018. Namen: Promocija in zagovorni\u0161tvo uporabe digitalnih orodij med ob\u010dani in odlo\u010devalci v podporo participativni in inovativni demokraciji. Vrednost: $8.480,00 USD (Program za nevladne organizacije Veleposlani\u0161tva ZDA v Ljubljani $5.000,00 USD; prispevek projektnih partnerjev $3.480,00 USD). Cilji projekta: 1) Vklju\u010ditev ob\u010danov, civilne dru\u017ebe in odlo\u010devalcev na lokalni ravni [&hellip;]<\/p>\n","protected":false},"author":1,"featured_media":0,"parent":0,"menu_order":0,"comment_status":"closed","ping_status":"closed","template":"","meta":{"footnotes":""},"class_list":["post-12","page","type-page","status-publish","hentry"],"_links":{"self":[{"href":"https:\/\/inepa.si\/local-digital-democracy\/index.php?rest_route=\/wp\/v2\/pages\/12","targetHints":{"allow":["GET"]}}],"collection":[{"href":"https:\/\/inepa.si\/local-digital-democracy\/index.php?rest_route=\/wp\/v2\/pages"}],"about":[{"href":"https:\/\/inepa.si\/local-digital-democracy\/index.php?rest_route=\/wp\/v2\/types\/page"}],"author":[{"embeddable":true,"href":"https:\/\/inepa.si\/local-digital-democracy\/index.php?rest_route=\/wp\/v2\/users\/1"}],"replies":[{"embeddable":true,"href":"https:\/\/inepa.si\/local-digital-democracy\/index.php?rest_route=%2Fwp%2Fv2%2Fcomments&post=12"}],"version-history":[{"count":8,"href":"https:\/\/inepa.si\/local-digital-democracy\/index.php?rest_route=\/wp\/v2\/pages\/12\/revisions"}],"predecessor-version":[{"id":559,"href":"https:\/\/inepa.si\/local-digital-democracy\/index.php?rest_route=\/wp\/v2\/pages\/12\/revisions\/559"}],"wp:attachment":[{"href":"https:\/\/inepa.si\/local-digital-democracy\/index.php?rest_route=%2Fwp%2Fv2%2Fmedia&parent=12"}],"curies":[{"name":"wp","href":"https:\/\/api.w.org\/{rel}","templated":true}]}}