{"id":107,"date":"2017-10-04T18:35:24","date_gmt":"2017-10-04T18:35:24","guid":{"rendered":"http:\/\/inepa.si\/local-digital-democracy\/?page_id=107"},"modified":"2018-03-02T13:39:22","modified_gmt":"2018-03-02T13:39:22","slug":"digitalno-orodje","status":"publish","type":"page","link":"https:\/\/inepa.si\/local-digital-democracy\/?page_id=107","title":{"rendered":"Predlog digitalnega orodja"},"content":{"rendered":"<p>Predlog digitalnega orodja v podporo e-sodelovanju prebivalcev pri opredelitvi razvojnih projektov ob\u010dine, razporejanju finan\u010dnih sredstev za njihovo izvedbo (participativni prora\u010dun) in preglednosti izvajanja ob\u010dinskih projektov je bil narejen na podlagi <a href=\"http:\/\/inepa.si\/local-digital-democracy\/?page_id=103\" target=\"_blank\" rel=\"noopener\"><span style=\"color: #0000ff;\">rezultatov terenske raziskave<\/span><\/a> v okviru projekta \u00bbPopularizacija digitalne demokracije v Kranju in Velenju\u00ab.<\/p>\n<p>Predlog vklju\u010duje tri stopnje e-sodelovanja ob\u010danov in sicer:<\/p>\n<ul>\n<li>predlaganje in glasovanje o razvojnih projektih ob\u010dine;<\/li>\n<li>participativno razporejanje finan\u010dnih sredstev za projekte;<\/li>\n<li>spremljanje izvajanja projektov prek semaforja projektov.<\/li>\n<\/ul>\n<hr \/>\n<p><strong>1 Stopnja: Predlaganje in glasovanje o razvojnih projektih ob\u010dine<\/strong><\/p>\n<p><a href=\"http:\/\/inepa.si\/local-digital-democracy\/wp-content\/uploads\/2018\/03\/Predlaganje-razvojnih-projektov.jpg\" target=\"_blank\" rel=\"noopener\"><img loading=\"lazy\" decoding=\"async\" class=\"wp-image-484 aligncenter\" src=\"http:\/\/inepa.si\/local-digital-democracy\/wp-content\/uploads\/2018\/03\/Predlaganje-razvojnih-projektov-300x210.jpg\" alt=\"\" width=\"600\" height=\"420\" srcset=\"https:\/\/www.inepa.si\/local-digital-democracy\/wp-content\/uploads\/2018\/03\/Predlaganje-razvojnih-projektov-300x210.jpg 300w, https:\/\/www.inepa.si\/local-digital-democracy\/wp-content\/uploads\/2018\/03\/Predlaganje-razvojnih-projektov-768x538.jpg 768w, https:\/\/www.inepa.si\/local-digital-democracy\/wp-content\/uploads\/2018\/03\/Predlaganje-razvojnih-projektov.jpg 1000w\" sizes=\"auto, (max-width: 600px) 100vw, 600px\" \/><\/a><\/p>\n<p><a href=\"http:\/\/inepa.si\/local-digital-democracy\/wp-content\/uploads\/2018\/03\/Izbor-razvojnih-projektov.jpg\" target=\"_blank\" rel=\"noopener\"><img loading=\"lazy\" decoding=\"async\" class=\"aligncenter wp-image-485\" src=\"http:\/\/inepa.si\/local-digital-democracy\/wp-content\/uploads\/2018\/03\/Izbor-razvojnih-projektov-300x210.jpg\" alt=\"\" width=\"600\" height=\"420\" srcset=\"https:\/\/www.inepa.si\/local-digital-democracy\/wp-content\/uploads\/2018\/03\/Izbor-razvojnih-projektov-300x210.jpg 300w, https:\/\/www.inepa.si\/local-digital-democracy\/wp-content\/uploads\/2018\/03\/Izbor-razvojnih-projektov-768x538.jpg 768w, https:\/\/www.inepa.si\/local-digital-democracy\/wp-content\/uploads\/2018\/03\/Izbor-razvojnih-projektov.jpg 1000w\" sizes=\"auto, (max-width: 600px) 100vw, 600px\" \/><\/a><\/p>\n<hr \/>\n<p><strong>2 Stopnja: Participativno razporejanje finan\u010dnih sredstev za projekte<\/strong><\/p>\n<p><a href=\"http:\/\/inepa.si\/local-digital-democracy\/wp-content\/uploads\/2018\/03\/Participativni-proracun.jpg\" target=\"_blank\" rel=\"noopener\"><img loading=\"lazy\" decoding=\"async\" class=\"aligncenter wp-image-492\" src=\"http:\/\/inepa.si\/local-digital-democracy\/wp-content\/uploads\/2018\/03\/Participativni-proracun.jpg\" alt=\"\" width=\"600\" height=\"420\" srcset=\"https:\/\/www.inepa.si\/local-digital-democracy\/wp-content\/uploads\/2018\/03\/Participativni-proracun.jpg 1000w, https:\/\/www.inepa.si\/local-digital-democracy\/wp-content\/uploads\/2018\/03\/Participativni-proracun-300x210.jpg 300w, https:\/\/www.inepa.si\/local-digital-democracy\/wp-content\/uploads\/2018\/03\/Participativni-proracun-768x538.jpg 768w\" sizes=\"auto, (max-width: 600px) 100vw, 600px\" \/><\/a><\/p>\n<p><a href=\"http:\/\/inepa.si\/local-digital-democracy\/wp-content\/uploads\/2018\/03\/Participativni-proracun-projekti.jpg\" target=\"_blank\" rel=\"noopener\"><img loading=\"lazy\" decoding=\"async\" class=\"aligncenter wp-image-493\" src=\"http:\/\/inepa.si\/local-digital-democracy\/wp-content\/uploads\/2018\/03\/Participativni-proracun-projekti.jpg\" alt=\"\" width=\"600\" height=\"420\" srcset=\"https:\/\/www.inepa.si\/local-digital-democracy\/wp-content\/uploads\/2018\/03\/Participativni-proracun-projekti.jpg 1000w, https:\/\/www.inepa.si\/local-digital-democracy\/wp-content\/uploads\/2018\/03\/Participativni-proracun-projekti-300x210.jpg 300w, https:\/\/www.inepa.si\/local-digital-democracy\/wp-content\/uploads\/2018\/03\/Participativni-proracun-projekti-768x538.jpg 768w\" sizes=\"auto, (max-width: 600px) 100vw, 600px\" \/><\/a><\/p>\n<p><a href=\"http:\/\/inepa.si\/local-digital-democracy\/wp-content\/uploads\/2018\/03\/Participativni-prora\u010dun-3.jpg\" target=\"_blank\" rel=\"noopener\"><img loading=\"lazy\" decoding=\"async\" class=\"aligncenter wp-image-495\" src=\"http:\/\/inepa.si\/local-digital-democracy\/wp-content\/uploads\/2018\/03\/Participativni-prora\u010dun-3.jpg\" alt=\"\" width=\"600\" height=\"420\" srcset=\"https:\/\/www.inepa.si\/local-digital-democracy\/wp-content\/uploads\/2018\/03\/Participativni-prora\u010dun-3.jpg 1000w, https:\/\/www.inepa.si\/local-digital-democracy\/wp-content\/uploads\/2018\/03\/Participativni-prora\u010dun-3-300x210.jpg 300w, https:\/\/www.inepa.si\/local-digital-democracy\/wp-content\/uploads\/2018\/03\/Participativni-prora\u010dun-3-768x538.jpg 768w\" sizes=\"auto, (max-width: 600px) 100vw, 600px\" \/><\/a><\/p>\n<p><a href=\"http:\/\/inepa.si\/local-digital-democracy\/wp-content\/uploads\/2018\/03\/Participativni-prora\u010dun-4.jpg\" target=\"_blank\" rel=\"noopener\"><img loading=\"lazy\" decoding=\"async\" class=\"aligncenter wp-image-496\" src=\"http:\/\/inepa.si\/local-digital-democracy\/wp-content\/uploads\/2018\/03\/Participativni-prora\u010dun-4.jpg\" alt=\"\" width=\"600\" height=\"420\" srcset=\"https:\/\/www.inepa.si\/local-digital-democracy\/wp-content\/uploads\/2018\/03\/Participativni-prora\u010dun-4.jpg 1000w, https:\/\/www.inepa.si\/local-digital-democracy\/wp-content\/uploads\/2018\/03\/Participativni-prora\u010dun-4-300x210.jpg 300w, https:\/\/www.inepa.si\/local-digital-democracy\/wp-content\/uploads\/2018\/03\/Participativni-prora\u010dun-4-768x538.jpg 768w\" sizes=\"auto, (max-width: 600px) 100vw, 600px\" \/><\/a><\/p>\n<hr \/>\n<p><strong>3 Stopnja: Spremljanje izvajanja projektov prek semaforja projektov.<\/strong><\/p>\n<p><img loading=\"lazy\" decoding=\"async\" class=\"alignnone size-full wp-image-497\" src=\"http:\/\/inepa.si\/local-digital-democracy\/wp-content\/uploads\/2018\/03\/Semafor-projektov.jpg\" alt=\"\" width=\"1000\" height=\"700\" srcset=\"https:\/\/www.inepa.si\/local-digital-democracy\/wp-content\/uploads\/2018\/03\/Semafor-projektov.jpg 1000w, https:\/\/www.inepa.si\/local-digital-democracy\/wp-content\/uploads\/2018\/03\/Semafor-projektov-300x210.jpg 300w, https:\/\/www.inepa.si\/local-digital-democracy\/wp-content\/uploads\/2018\/03\/Semafor-projektov-768x538.jpg 768w\" sizes=\"auto, (max-width: 1000px) 100vw, 1000px\" \/><\/p>\n","protected":false},"excerpt":{"rendered":"<p>Predlog digitalnega orodja v podporo e-sodelovanju prebivalcev pri opredelitvi razvojnih projektov ob\u010dine, razporejanju finan\u010dnih sredstev za njihovo izvedbo (participativni prora\u010dun) in preglednosti izvajanja ob\u010dinskih projektov je bil narejen na podlagi rezultatov terenske raziskave v okviru projekta \u00bbPopularizacija digitalne demokracije v Kranju in Velenju\u00ab. Predlog vklju\u010duje tri stopnje e-sodelovanja ob\u010danov in sicer: predlaganje in glasovanje o [&hellip;]<\/p>\n","protected":false},"author":1,"featured_media":0,"parent":0,"menu_order":0,"comment_status":"closed","ping_status":"closed","template":"","meta":{"footnotes":""},"class_list":["post-107","page","type-page","status-publish","hentry"],"_links":{"self":[{"href":"https:\/\/inepa.si\/local-digital-democracy\/index.php?rest_route=\/wp\/v2\/pages\/107","targetHints":{"allow":["GET"]}}],"collection":[{"href":"https:\/\/inepa.si\/local-digital-democracy\/index.php?rest_route=\/wp\/v2\/pages"}],"about":[{"href":"https:\/\/inepa.si\/local-digital-democracy\/index.php?rest_route=\/wp\/v2\/types\/page"}],"author":[{"embeddable":true,"href":"https:\/\/inepa.si\/local-digital-democracy\/index.php?rest_route=\/wp\/v2\/users\/1"}],"replies":[{"embeddable":true,"href":"https:\/\/inepa.si\/local-digital-democracy\/index.php?rest_route=%2Fwp%2Fv2%2Fcomments&post=107"}],"version-history":[{"count":18,"href":"https:\/\/inepa.si\/local-digital-democracy\/index.php?rest_route=\/wp\/v2\/pages\/107\/revisions"}],"predecessor-version":[{"id":502,"href":"https:\/\/inepa.si\/local-digital-democracy\/index.php?rest_route=\/wp\/v2\/pages\/107\/revisions\/502"}],"wp:attachment":[{"href":"https:\/\/inepa.si\/local-digital-democracy\/index.php?rest_route=%2Fwp%2Fv2%2Fmedia&parent=107"}],"curies":[{"name":"wp","href":"https:\/\/api.w.org\/{rel}","templated":true}]}}