{"id":103,"date":"2017-10-04T18:34:16","date_gmt":"2017-10-04T18:34:16","guid":{"rendered":"http:\/\/inepa.si\/local-digital-democracy\/?page_id=103"},"modified":"2018-03-02T18:13:08","modified_gmt":"2018-03-02T18:13:08","slug":"porocilo-raziskave","status":"publish","type":"page","link":"https:\/\/inepa.si\/local-digital-democracy\/?page_id=103","title":{"rendered":"Poro\u010dilo terenske raziskave"},"content":{"rendered":"<p><strong>Zaklju\u010dki regionalnih delavnic so dostopni na tej povezavi <a href=\"http:\/\/inepa.si\/local-digital-democracy\/?page_id=83\" target=\"_blank\" rel=\"noopener\"><span style=\"color: #0000ff;\">na tej povezavi<\/span><\/a><\/strong>.<\/p>\n<p><strong>Preliminarni zaklju\u010dki analize rezultatov spletne ankete so naslednji:<\/strong><\/p>\n<ul>\n<li>izrazito pozitiven odnos ob\u010danov do vloge interneta pri omogo\u010danju la\u017ejega dostopa do informacij o delu ob\u010dine in sporo\u010danja pobud ob\u010danov (tudi do mo\u017enosti glasovanja na e-volitvah);<\/li>\n<li>ob\u010dani v veliko ve\u010dji meri uporabljajo internet za dostop do ob\u010dinskih informacij in dokumentov kot pa za aktivno vklju\u010devanje v odlo\u010danje zaradi odsotnosti dvosmernih mo\u017enosti e-sodelovanja na spletnih straneh ob\u010din kot tudi zaradi pasivnega komunikacijskega pristopa na strani ob\u010din;<\/li>\n<li>trend uporabe interneta za \u00bbpasivno demokrati\u010dno povratnost\u00ab, ki ob\u010dane kot kliente ob\u010dinske uprave omejuje na individualno sporo\u010danje predlogov, namesto, da bi jih spodbujala h kolektivnemu \u00bbinteraktivnemu odlo\u010danju\u00ab.<\/li>\n<li>ob\u010dani mo\u010dno pogre\u0161ajo oblike vklju\u010devanja prek interneta na podro\u010dju preglednega delovanja ob\u010dine, ugotavljanja potreb ob\u010danov in re\u0161evanja problemov;<\/li>\n<li>najpogostej\u0161a razloga za neuporabo mo\u017enosti e-sodelovanja s strani ob\u010danov se nahajata na strani ob\u010din (neupo\u0161tevanje sodelovanja in pomanjkanje informacij o mo\u017enostih sodelovanja).<\/li>\n<\/ul>\n<p>Celotna analiza rezultatov spletne ankete bo objavljena v kratkem.<\/p>\n<hr \/>\n<p><img loading=\"lazy\" decoding=\"async\" class=\"size-full wp-image-504 aligncenter\" src=\"http:\/\/inepa.si\/local-digital-democracy\/wp-content\/uploads\/2018\/03\/Analiza-vpra\u0161alnik-E-sodelovanje-obcanov.jpg\" alt=\"\" width=\"500\" height=\"660\" srcset=\"https:\/\/www.inepa.si\/local-digital-democracy\/wp-content\/uploads\/2018\/03\/Analiza-vpra\u0161alnik-E-sodelovanje-obcanov.jpg 500w, https:\/\/www.inepa.si\/local-digital-democracy\/wp-content\/uploads\/2018\/03\/Analiza-vpra\u0161alnik-E-sodelovanje-obcanov-227x300.jpg 227w\" sizes=\"auto, (max-width: 500px) 100vw, 500px\" \/><\/p>\n<p>&nbsp;<\/p>\n","protected":false},"excerpt":{"rendered":"<p>Zaklju\u010dki regionalnih delavnic so dostopni na tej povezavi na tej povezavi. Preliminarni zaklju\u010dki analize rezultatov spletne ankete so naslednji: izrazito pozitiven odnos ob\u010danov do vloge interneta pri omogo\u010danju la\u017ejega dostopa do informacij o delu ob\u010dine in sporo\u010danja pobud ob\u010danov (tudi do mo\u017enosti glasovanja na e-volitvah); ob\u010dani v veliko ve\u010dji meri uporabljajo internet za dostop do [&hellip;]<\/p>\n","protected":false},"author":1,"featured_media":0,"parent":0,"menu_order":0,"comment_status":"closed","ping_status":"closed","template":"","meta":{"footnotes":""},"class_list":["post-103","page","type-page","status-publish","hentry"],"_links":{"self":[{"href":"https:\/\/inepa.si\/local-digital-democracy\/index.php?rest_route=\/wp\/v2\/pages\/103","targetHints":{"allow":["GET"]}}],"collection":[{"href":"https:\/\/inepa.si\/local-digital-democracy\/index.php?rest_route=\/wp\/v2\/pages"}],"about":[{"href":"https:\/\/inepa.si\/local-digital-democracy\/index.php?rest_route=\/wp\/v2\/types\/page"}],"author":[{"embeddable":true,"href":"https:\/\/inepa.si\/local-digital-democracy\/index.php?rest_route=\/wp\/v2\/users\/1"}],"replies":[{"embeddable":true,"href":"https:\/\/inepa.si\/local-digital-democracy\/index.php?rest_route=%2Fwp%2Fv2%2Fcomments&post=103"}],"version-history":[{"count":14,"href":"https:\/\/inepa.si\/local-digital-democracy\/index.php?rest_route=\/wp\/v2\/pages\/103\/revisions"}],"predecessor-version":[{"id":579,"href":"https:\/\/inepa.si\/local-digital-democracy\/index.php?rest_route=\/wp\/v2\/pages\/103\/revisions\/579"}],"wp:attachment":[{"href":"https:\/\/inepa.si\/local-digital-democracy\/index.php?rest_route=%2Fwp%2Fv2%2Fmedia&parent=103"}],"curies":[{"name":"wp","href":"https:\/\/api.w.org\/{rel}","templated":true}]}}